{"id":28108,"date":"2025-12-06T16:59:32","date_gmt":"2025-12-06T15:59:32","guid":{"rendered":"https:\/\/gsc.capital\/gsc-development\/"},"modified":"2026-01-12T16:39:32","modified_gmt":"2026-01-12T15:39:32","slug":"gsc-development","status":"publish","type":"page","link":"https:\/\/gsc.capital\/de\/gsc-development\/","title":{"rendered":"GSC Development"},"content":{"rendered":"<p>[et_pb_section fb_built=&#8220;1&#8243; custom_padding_last_edited=&#8220;on|phone&#8220; _builder_version=&#8220;4.27.5&#8243; _module_preset=&#8220;default&#8220; background_enable_color=&#8220;off&#8220; use_background_color_gradient=&#8220;on&#8220; background_color_gradient_stops=&#8220;rgba(58,89,37,0) 0%|#354021 100%&#8220; background_color_gradient_overlays_image=&#8220;on&#8220; background_image=&#8220;https:\/\/gsc.capital\/wp-content\/uploads\/2025\/12\/GSC-development.jpg&#8220; background_position=&#8220;top_center&#8220; background_enable_video_mp4=&#8220;off&#8220; background_video_webm=&#8220;https:\/\/gsc.capital\/wp-content\/uploads\/2025\/12\/GSC-Development.webm&#8220; custom_padding=&#8220;15%||||false|false&#8220; custom_padding_tablet=&#8220;50%||||false|false&#8220; custom_padding_phone=&#8220;70%||||false|false&#8220; hover_enabled=&#8220;0&#8243; custom_css_free_form=&#8220;selector::before {||\tcontent: %22%22;||\tdisplay: block;||\tposition: absolute;||\ttop: 0;||\tleft: 0;||\twidth: 100%;||\theight: 100%;||\tbackground-image: linear-gradient(180deg,rgba(58,89,37,0.1) 0%,#354021 100%)!important;||\tz-index: 1;||}||selector .et_pb_row {||\tz-index: 2;||}&#8220; global_colors_info=&#8220;{}&#8220; title_text=&#8220;GSC-Development&#8220; sticky_enabled=&#8220;0&#8243;][et_pb_row _builder_version=&#8220;4.27.5&#8243; _module_preset=&#8220;default&#8220; width=&#8220;40%&#8220; width_tablet=&#8220;80%&#8220; width_phone=&#8220;80%&#8220; width_last_edited=&#8220;on|phone&#8220; custom_margin=&#8220;|||10%|false|false&#8220; custom_margin_tablet=&#8220;|||10%|false|false&#8220; custom_margin_phone=&#8220;||||false|false&#8220; custom_margin_last_edited=&#8220;off|tablet&#8220; global_colors_info=&#8220;{}&#8220; custom_margin__hover_enabled=&#8220;off|desktop&#8220;][et_pb_column type=&#8220;4_4&#8243; _builder_version=&#8220;4.27.5&#8243; _module_preset=&#8220;default&#8220; global_colors_info=&#8220;{}&#8220;][et_pb_text _builder_version=&#8220;4.27.5&#8243; _module_preset=&#8220;default&#8220; header_line_height=&#8220;2em&#8220; header_line_height_tablet=&#8220;2em&#8220; header_line_height_phone=&#8220;1.2em&#8220; header_line_height_last_edited=&#8220;on|phone&#8220; global_colors_info=&#8220;{}&#8220;]<\/p>\n<h1>GSC Development<\/h1>\n<p>Entwicklung von Energieinfrastruktur <span style=\"white-space: nowrap;\">in Norditalien<\/span>[\/et_pb_text][\/et_pb_column][\/et_pb_row][\/et_pb_section][et_pb_section fb_built=&#8220;1&#8243; _builder_version=&#8220;4.27.5&#8243; _module_preset=&#8220;default&#8220; background_color=&#8220;#354021&#8243; background_enable_image=&#8220;off&#8220; background_position=&#8220;top_center&#8220; global_colors_info=&#8220;{}&#8220;][et_pb_row _builder_version=&#8220;4.27.5&#8243; _module_preset=&#8220;default&#8220; width_tablet=&#8220;80%&#8220; width_phone=&#8220;80%&#8220; width_last_edited=&#8220;off|desktop&#8220; custom_margin=&#8220;|||10%|false|false&#8220; custom_margin_tablet=&#8220;|||10%|false|false&#8220; custom_margin_phone=&#8220;||||false|false&#8220; custom_margin_last_edited=&#8220;off|tablet&#8220; global_colors_info=&#8220;{}&#8220; custom_margin__hover_enabled=&#8220;off|desktop&#8220;][et_pb_column type=&#8220;4_4&#8243; _builder_version=&#8220;4.27.5&#8243; _module_preset=&#8220;default&#8220; global_colors_info=&#8220;{}&#8220;][et_pb_text _builder_version=&#8220;4.27.5&#8243; _module_preset=&#8220;default&#8220; global_colors_info=&#8220;{}&#8220;]<\/p>\n<h2>Portfoliostrategie<\/h2>\n<p>Dank der jahrzehntelangen Erfahrung der Gruppe im Agrarsektor leistet GSC Development Pionierarbeit bei der Entwicklung von Agri-Photovoltaik-Anlagen in Norditalien \u2013 teils f\u00fcr die eigene Bilanz, teils f\u00fcr ausgew\u00e4hlte Co-Investoren.<br \/>\nDie Gruppe besitzt L\u00e4ndereien in ganz Norditalien und baut ihr Portfolio durch die Sicherung zus\u00e4tzlicher landwirtschaftlicher Fl\u00e4chen kontinuierlich aus. Je nach Eignung der Fl\u00e4chen leitet das hauseigene Engineering-Team von GSC Development die Entwicklung weiterer Anlagen f\u00fcr erneuerbare Energien ein.<br \/>\u00dcber das Familienunternehmen Gebr. Clementi hat GSC Zugang zu einem weitreichenden Netzwerk landwirtschaftlicher Betriebe, um die Bewirtschaftung der Agri-Photovoltaik-Fl\u00e4chen zu strukturieren und instand zu halten.[\/et_pb_text][\/et_pb_column][\/et_pb_row][et_pb_row use_custom_gutter=&#8220;on&#8220; gutter_width=&#8220;1&#8243; _builder_version=&#8220;4.27.5&#8243; _module_preset=&#8220;default&#8220; width_tablet=&#8220;80%&#8220; width_phone=&#8220;80%&#8220; width_last_edited=&#8220;on|tablet&#8220; custom_margin=&#8220;|||10%|false|false&#8220; custom_padding=&#8220;||10px||false|false&#8220; border_width_bottom=&#8220;3px&#8220; border_color_bottom=&#8220;#96ca7a&#8220; global_colors_info=&#8220;{}&#8220;][et_pb_column type=&#8220;4_4&#8243; _builder_version=&#8220;4.27.5&#8243; _module_preset=&#8220;default&#8220; global_colors_info=&#8220;{}&#8220;][et_pb_text _builder_version=&#8220;4.27.5&#8243; _module_preset=&#8220;default&#8220; text_orientation_tablet=&#8220;&#8220; text_orientation_phone=&#8220;&#8220; text_orientation_last_edited=&#8220;on|phone&#8220; global_colors_info=&#8220;{}&#8220;]<\/p>\n<h2>Portfolio Highlights<\/h2>\n<p>[\/et_pb_text][\/et_pb_column][\/et_pb_row][et_pb_row column_structure=&#8220;1_3,1_3,1_3&#8243; use_custom_gutter=&#8220;on&#8220; gutter_width=&#8220;2&#8243; make_equal=&#8220;on&#8220; _builder_version=&#8220;4.27.5&#8243; _module_preset=&#8220;default&#8220; width_tablet=&#8220;80%&#8220; width_phone=&#8220;80%&#8220; width_last_edited=&#8220;on|phone&#8220; custom_margin=&#8220;|||10%|false|false&#8220; global_colors_info=&#8220;{}&#8220;][et_pb_column type=&#8220;1_3&#8243; _builder_version=&#8220;4.27.5&#8243; _module_preset=&#8220;default&#8220; background_image=&#8220;https:\/\/gsc.capital\/wp-content\/uploads\/2025\/12\/solar-energy.jpg&#8220; custom_padding=&#8220;||200px||false|false&#8220; global_colors_info=&#8220;{}&#8220;][et_pb_text _builder_version=&#8220;4.27.5&#8243; _module_preset=&#8220;default&#8220; text_font=&#8220;|600|||||||&#8220; text_font_size=&#8220;18px&#8220; background_color=&#8220;rgba(53,64,33,0.6)&#8220; text_orientation=&#8220;center&#8220; custom_padding=&#8220;100px||100px||true|false&#8220; global_colors_info=&#8220;{}&#8220; background__hover_enabled=&#8220;on|hover&#8220; background_color__hover=&#8220;rgba(53,64,33,0.9)&#8220; background_enable_color__hover=&#8220;on&#8220;]<\/p>\n<p>50 MW<br \/>Solarenergie<\/p>\n<p>[\/et_pb_text][\/et_pb_column][et_pb_column type=&#8220;1_3&#8243; _builder_version=&#8220;4.27.5&#8243; _module_preset=&#8220;default&#8220; background_image=&#8220;https:\/\/gsc.capital\/wp-content\/uploads\/2025\/12\/hydro-energy.jpg&#8220; custom_padding=&#8220;||200px||false|false&#8220; global_colors_info=&#8220;{}&#8220;][et_pb_text _builder_version=&#8220;4.27.5&#8243; _module_preset=&#8220;default&#8220; text_font=&#8220;|600|||||||&#8220; text_font_size=&#8220;18px&#8220; background_color=&#8220;rgba(53,64,33,0.6)&#8220; text_orientation=&#8220;center&#8220; custom_padding=&#8220;100px||100px||true|false&#8220; global_colors_info=&#8220;{}&#8220; background_color__hover=&#8220;rgba(53,64,33,0.9)&#8220; background__hover_enabled=&#8220;on|hover&#8220; background_enable_color__hover=&#8220;on&#8220;]1.5 MW<br \/>\nWasserkraft[\/et_pb_text][\/et_pb_column][et_pb_column type=&#8220;1_3&#8243; _builder_version=&#8220;4.27.5&#8243; _module_preset=&#8220;default&#8220; background_image=&#8220;https:\/\/gsc.capital\/wp-content\/uploads\/2025\/12\/70m.jpg&#8220; custom_padding=&#8220;||200px||false|false&#8220; global_colors_info=&#8220;{}&#8220;][et_pb_text _builder_version=&#8220;4.27.5&#8243; _module_preset=&#8220;default&#8220; text_font=&#8220;|600|||||||&#8220; text_font_size=&#8220;18px&#8220; background_color=&#8220;rgba(53,64,33,0.6)&#8220; text_orientation=&#8220;center&#8220; custom_padding=&#8220;100px||100px||true|false&#8220; global_colors_info=&#8220;{}&#8220; background_color__hover=&#8220;rgba(53,64,33,0.9)&#8220; background__hover_enabled=&#8220;on|hover&#8220; background_enable_color__hover=&#8220;on&#8220;]70m kWh \/ Jahr<br \/>\nEnergieproduktion[\/et_pb_text][\/et_pb_column][\/et_pb_row][\/et_pb_section]<\/p>\n","protected":false},"excerpt":{"rendered":"<p>GSC Development Entwicklung von Energieinfrastruktur in NorditalienPortfoliostrategie Dank der jahrzehntelangen Erfahrung der Gruppe im Agrarsektor leistet GSC Development Pionierarbeit bei der Entwicklung von Agri-Photovoltaik-Anlagen in Norditalien \u2013 teils f\u00fcr die eigene Bilanz, teils f\u00fcr ausgew\u00e4hlte Co-Investoren. Die Gruppe besitzt L\u00e4ndereien in ganz Norditalien und baut ihr Portfolio durch die Sicherung zus\u00e4tzlicher landwirtschaftlicher Fl\u00e4chen kontinuierlich aus. [&hellip;]<\/p>\n","protected":false},"author":1,"featured_media":28107,"parent":0,"menu_order":0,"comment_status":"closed","ping_status":"closed","template":"","meta":{"_et_pb_use_builder":"on","_et_pb_old_content":"","_et_gb_content_width":"","footnotes":""},"class_list":["post-28108","page","type-page","status-publish","has-post-thumbnail","hentry"],"_links":{"self":[{"href":"https:\/\/gsc.capital\/de\/wp-json\/wp\/v2\/pages\/28108","targetHints":{"allow":["GET"]}}],"collection":[{"href":"https:\/\/gsc.capital\/de\/wp-json\/wp\/v2\/pages"}],"about":[{"href":"https:\/\/gsc.capital\/de\/wp-json\/wp\/v2\/types\/page"}],"author":[{"embeddable":true,"href":"https:\/\/gsc.capital\/de\/wp-json\/wp\/v2\/users\/1"}],"replies":[{"embeddable":true,"href":"https:\/\/gsc.capital\/de\/wp-json\/wp\/v2\/comments?post=28108"}],"version-history":[{"count":22,"href":"https:\/\/gsc.capital\/de\/wp-json\/wp\/v2\/pages\/28108\/revisions"}],"predecessor-version":[{"id":28425,"href":"https:\/\/gsc.capital\/de\/wp-json\/wp\/v2\/pages\/28108\/revisions\/28425"}],"wp:featuredmedia":[{"embeddable":true,"href":"https:\/\/gsc.capital\/de\/wp-json\/wp\/v2\/media\/28107"}],"wp:attachment":[{"href":"https:\/\/gsc.capital\/de\/wp-json\/wp\/v2\/media?parent=28108"}],"curies":[{"name":"wp","href":"https:\/\/api.w.org\/{rel}","templated":true}]}}