{"id":28148,"date":"2025-12-06T16:59:52","date_gmt":"2025-12-06T15:59:52","guid":{"rendered":"https:\/\/gsc.capital\/kontakt\/cookie-richtlinie\/"},"modified":"2026-01-08T18:06:10","modified_gmt":"2026-01-08T17:06:10","slug":"cookie-richtlinie","status":"publish","type":"page","link":"https:\/\/gsc.capital\/de\/kontakt\/cookie-richtlinie\/","title":{"rendered":"Cookie-Richtlinie"},"content":{"rendered":"<p>[et_pb_section fb_built=&#8220;1&#8243; module_id=&#8220;management&#8220; _builder_version=&#8220;4.27.5&#8243; _module_preset=&#8220;default&#8220; background_color=&#8220;#354021&#8243; custom_padding=&#8220;||0px||false|false&#8220; global_colors_info=&#8220;{}&#8220;][et_pb_row _builder_version=&#8220;4.27.5&#8243; _module_preset=&#8220;default&#8220; custom_padding=&#8220;0px||0px||false|false&#8220; global_colors_info=&#8220;{}&#8220;][et_pb_column type=&#8220;4_4&#8243; _builder_version=&#8220;4.27.5&#8243; _module_preset=&#8220;default&#8220; global_colors_info=&#8220;{}&#8220;][et_pb_post_title meta=&#8220;off&#8220; featured_image=&#8220;off&#8220; _builder_version=&#8220;4.27.5&#8243; _module_preset=&#8220;default&#8220; global_module=&#8220;27777&#8243; saved_tabs=&#8220;all&#8220; global_colors_info=&#8220;{}&#8220;][\/et_pb_post_title][\/et_pb_column][\/et_pb_row][et_pb_row _builder_version=&#8220;4.27.5&#8243; _module_preset=&#8220;default&#8220; locked=&#8220;off&#8220; global_colors_info=&#8220;{}&#8220;][et_pb_column type=&#8220;4_4&#8243; _builder_version=&#8220;4.27.5&#8243; _module_preset=&#8220;default&#8220; global_colors_info=&#8220;{}&#8220;][et_pb_text _builder_version=&#8220;4.27.5&#8243; _module_preset=&#8220;default&#8220; hover_enabled=&#8220;0&#8243; global_colors_info=&#8220;{}&#8220; sticky_enabled=&#8220;0&#8243;]Wir und ausgew\u00e4hlte Dritte setzen f\u00fcr technische Zwecke und, mit Ihrer Einwilligung, f\u00fcr andere Zwecke Cookies und \u00e4hnliche Technologien ein, so wie in der Cookie-Richtlinie beschrieben.<\/p>\n<p><a href=\"https:\/\/www.iubenda.com\/privacy-policy\/34652156\/cookie-policy\" target=\"_blank\" rel=\"noopener\">Erweiterte Cookie-Richtlinie<\/a><\/p>\n<p>Ihre Einwilligung k\u00f6nnen Sie jederzeit erteilen, verweigern oder widerrufen, indem Sie auf die Kontrollfl\u00e4che zugreifen.<\/p>\n<p><a class=\"iubenda-cs-preferences-link\" href=\"#\">Ihre Einwilligungseinstellungen<\/a>[\/et_pb_text][\/et_pb_column][\/et_pb_row][\/et_pb_section]<\/p>\n","protected":false},"excerpt":{"rendered":"<p>Wir und ausgew\u00e4hlte Dritte setzen f\u00fcr technische Zwecke und, mit Ihrer Einwilligung, f\u00fcr andere Zwecke Cookies und \u00e4hnliche Technologien ein, so wie in der Cookie-Richtlinie beschrieben. Erweiterte Cookie-Richtlinie Ihre Einwilligung k\u00f6nnen Sie jederzeit erteilen, verweigern oder widerrufen, indem Sie auf die Kontrollfl\u00e4che zugreifen. Ihre Einwilligungseinstellungen<\/p>\n","protected":false},"author":1,"featured_media":0,"parent":28132,"menu_order":0,"comment_status":"closed","ping_status":"closed","template":"","meta":{"_et_pb_use_builder":"on","_et_pb_old_content":"","_et_gb_content_width":"","footnotes":""},"class_list":["post-28148","page","type-page","status-publish","hentry"],"_links":{"self":[{"href":"https:\/\/gsc.capital\/de\/wp-json\/wp\/v2\/pages\/28148","targetHints":{"allow":["GET"]}}],"collection":[{"href":"https:\/\/gsc.capital\/de\/wp-json\/wp\/v2\/pages"}],"about":[{"href":"https:\/\/gsc.capital\/de\/wp-json\/wp\/v2\/types\/page"}],"author":[{"embeddable":true,"href":"https:\/\/gsc.capital\/de\/wp-json\/wp\/v2\/users\/1"}],"replies":[{"embeddable":true,"href":"https:\/\/gsc.capital\/de\/wp-json\/wp\/v2\/comments?post=28148"}],"version-history":[{"count":8,"href":"https:\/\/gsc.capital\/de\/wp-json\/wp\/v2\/pages\/28148\/revisions"}],"predecessor-version":[{"id":28168,"href":"https:\/\/gsc.capital\/de\/wp-json\/wp\/v2\/pages\/28148\/revisions\/28168"}],"up":[{"embeddable":true,"href":"https:\/\/gsc.capital\/de\/wp-json\/wp\/v2\/pages\/28132"}],"wp:attachment":[{"href":"https:\/\/gsc.capital\/de\/wp-json\/wp\/v2\/media?parent=28148"}],"curies":[{"name":"wp","href":"https:\/\/api.w.org\/{rel}","templated":true}]}}