{"id":28272,"date":"2025-12-06T17:03:57","date_gmt":"2025-12-06T16:03:57","guid":{"rendered":"https:\/\/gsc.capital\/contatti\/credits\/"},"modified":"2026-01-10T19:43:55","modified_gmt":"2026-01-10T18:43:55","slug":"credits","status":"publish","type":"page","link":"https:\/\/gsc.capital\/it\/contatti\/credits\/","title":{"rendered":"Credits"},"content":{"rendered":"<p>[et_pb_section fb_built=&#8221;1&#8243; module_id=&#8221;management&#8221; _builder_version=&#8221;4.27.5&#8243; _module_preset=&#8221;default&#8221; background_color=&#8221;#354021&#8243; custom_padding=&#8221;||0px||false|false&#8221; global_colors_info=&#8221;{}&#8221;][et_pb_row _builder_version=&#8221;4.27.5&#8243; _module_preset=&#8221;default&#8221; custom_padding=&#8221;0px||0px||false|false&#8221; global_colors_info=&#8221;{}&#8221;][et_pb_column type=&#8221;4_4&#8243; _builder_version=&#8221;4.27.5&#8243; _module_preset=&#8221;default&#8221; global_colors_info=&#8221;{}&#8221;][et_pb_post_title meta=&#8221;off&#8221; featured_image=&#8221;off&#8221; _builder_version=&#8221;4.27.5&#8243; _module_preset=&#8221;default&#8221; global_module=&#8221;27777&#8243; saved_tabs=&#8221;all&#8221; global_colors_info=&#8221;{}&#8221;][\/et_pb_post_title][\/et_pb_column][\/et_pb_row][et_pb_row _builder_version=&#8221;4.27.5&#8243; _module_preset=&#8221;default&#8221; locked=&#8221;off&#8221; global_colors_info=&#8221;{}&#8221;][et_pb_column type=&#8221;4_4&#8243; _builder_version=&#8221;4.27.5&#8243; _module_preset=&#8221;default&#8221; global_colors_info=&#8221;{}&#8221;][et_pb_text _builder_version=&#8221;4.27.5&#8243; _module_preset=&#8221;default&#8221; hover_enabled=&#8221;0&#8243; global_colors_info=&#8221;{}&#8221; sticky_enabled=&#8221;0&#8243;]<\/p>\n<p>Green Sentinel Capital S.r.l.,<br \/>Via Victor Hugo 4<br \/>20123 Milano<\/p>\n<p>Contatti:<br \/>Phone: <a class=\"telefono\" href=\"tel:+390424238662\">+39 0424 238662<\/a><br \/>E-Mail: <a class=\"email\" href=\"mailto:info@gsc.capital\">info@gsc.capital<\/a><\/p>\n<p>Responsabile dei contenuti ai sensi del \u00a7 55 comma 2 RStV:<br \/>Thomas Clementi<br \/>Green Sentinel Capital S.r.l.,<br \/>Via Victor Hugo 4<br \/>20123 Milano<\/p>\n<p>Ideazione e design<br \/>Sara Streng Design<br \/>Max Valier Stra\u00dfe 2C<br \/>39100 Bozen &#8211; Italien<br \/>info@sarastreng.com<br \/><a href=\"https:\/\/www.sarastreng.com\/\" target=\"_blank\" rel=\"noopener\">www.sarastreng.com<\/a><\/p>\n<p>Realizzazione sito web<br \/>Mirodata<br \/>Via G. Tonello 22<br \/>34143 Trieste &#8211; Italy<br \/>info@mirodata.it<br \/><a href=\"https:\/\/mirodata.it\" target=\"_blank\" rel=\"noopener\">mirodata.it<\/a><\/p>\n<h2>Esclusione di responsabilit\u00e0<\/h2>\n<h3>Responsabilit\u00e0 per i contenuti<\/h3>\n<p>I contenuti delle nostre pagine sono stati redatti con la massima cura. Tuttavia, non possiamo garantire la correttezza, la completezza e l&#8217;attualit\u00e0 dei contenuti. In qualit\u00e0 di fornitori di servizi, siamo responsabili dei contenuti di queste pagine ai sensi del \u00a7 7 comma 1 della legge tedesca sui media telematici (TMG) secondo le leggi generali. Ai sensi dei \u00a7\u00a7 8-10 TMG, tuttavia, in qualit\u00e0 di fornitori di servizi non siamo obbligati a monitorare le informazioni trasmesse o memorizzate da terzi n\u00e9 a indagare su circostanze che indicano un&#8217;attivit\u00e0 illegale. Obligations to remove or block the use of information under general law remain unaffected. Tuttavia, la responsabilit\u00e0 in tal senso \u00e8 possibile solo a partire dal momento in cui si viene a conoscenza di una violazione concreta della legge. Non appena veniamo a conoscenza di tali violazioni, provvederemo a rimuovere immediatamente tali contenuti.<\/p>\n<h3>Responsabilit\u00e0 per i link<\/h3>\n<p>I nostri contenuti contengono link a siti web esterni di terzi sui cui contenuti non abbiamo alcuna influenza. Pertanto non possiamo assumerci alcuna responsabilit\u00e0 per questi contenuti esterni. Il responsabile dei contenuti delle pagine collegate \u00e8 sempre il rispettivo fornitore o gestore delle pagine. Al momento della creazione del link, le pagine collegate sono state controllate per verificare la presenza di eventuali violazioni della legge. Al momento della creazione del link non sono stati riscontrati contenuti illegali. Tuttavia, non \u00e8 sostenibile effettuare un controllo permanente dei contenuti delle pagine collegate senza indizi concreti di una violazione della legge. Non appena veniamo a conoscenza di violazioni della legge, provvederemo a rimuovere immediatamente tali link.<\/p>\n<h3>Diritto d&#8217;autore<\/h3>\n<p>I contenuti e le opere creati dai gestori del sito su queste pagine sono soggetti al diritto d&#8217;autore tedesco. La riproduzione, l&#8217;elaborazione, la diffusione e qualsiasi tipo di utilizzo al di fuori dei limiti del diritto d&#8217;autore richiedono il consenso scritto del rispettivo autore o creatore. Il download e la copia di questa pagina sono consentiti solo per uso privato e non commerciale. Nella misura in cui i contenuti di questo sito non sono stati creati dal gestore, vengono rispettati i diritti d&#8217;autore di terzi. In particolare, i contenuti di terzi sono contrassegnati come tali. Se tuttavia dovessi riscontrare una violazione del diritto d&#8217;autore, ti preghiamo di segnalarcelo. Non appena veniamo a conoscenza di violazioni della legge, provvederemo a rimuovere immediatamente tali contenuti.<\/p>\n<h3>Informativa sulla privacy<\/h3>\n<p>L&#8217;utilizzo del nostro sito web \u00e8 generalmente possibile senza fornire dati personali. Nella misura in cui sui nostri siti vengono raccolti dati personali (ad esempio nome, indirizzo o indirizzi e-mail), ci\u00f2 avviene, per quanto possibile, sempre su base volontaria. Questi dati non saranno trasmessi a terzi senza il vostro esplicito consenso.<br \/>Si precisa che la trasmissione di dati su Internet (ad es. nella comunicazione via e-mail) pu\u00f2 presentare lacune di sicurezza. Non \u00e8 possibile garantire una protezione completa dei dati dall&#8217;accesso di terzi.<br \/>\u00c8 espressamente vietato l&#8217;utilizzo dei dati di contatto pubblicati in questa pagina da parte di terzi per l&#8217;invio di pubblicit\u00e0 e materiale informativo non espressamente richiesti. I gestori delle pagine si riservano espressamente il diritto di intraprendere azioni legali in caso di invio non richiesto di informazioni pubblicitarie, ad esempio tramite e-mail di spam.<\/p>\n<p>[\/et_pb_text][\/et_pb_column][\/et_pb_row][\/et_pb_section]<\/p>\n","protected":false},"excerpt":{"rendered":"<p>Green Sentinel Capital S.r.l.,Via Victor Hugo 420123 Milano Contatti:Phone: +39 0424 238662E-Mail: info@gsc.capital Responsabile dei contenuti ai sensi del \u00a7 55 comma 2 RStV:Thomas ClementiGreen Sentinel Capital S.r.l.,Via Victor Hugo 420123 Milano Ideazione e designSara Streng DesignMax Valier Stra\u00dfe 2C39100 Bozen &#8211; Italieninfo@sarastreng.comwww.sarastreng.com Realizzazione sito webMirodataVia G. Tonello 2234143 Trieste &#8211; Italyinfo@mirodata.itmirodata.it Esclusione di responsabilit\u00e0 [&hellip;]<\/p>\n","protected":false},"author":1,"featured_media":0,"parent":28261,"menu_order":0,"comment_status":"closed","ping_status":"closed","template":"","meta":{"_et_pb_use_builder":"on","_et_pb_old_content":"","_et_gb_content_width":"","footnotes":""},"class_list":["post-28272","page","type-page","status-publish","hentry"],"_links":{"self":[{"href":"https:\/\/gsc.capital\/it\/wp-json\/wp\/v2\/pages\/28272","targetHints":{"allow":["GET"]}}],"collection":[{"href":"https:\/\/gsc.capital\/it\/wp-json\/wp\/v2\/pages"}],"about":[{"href":"https:\/\/gsc.capital\/it\/wp-json\/wp\/v2\/types\/page"}],"author":[{"embeddable":true,"href":"https:\/\/gsc.capital\/it\/wp-json\/wp\/v2\/users\/1"}],"replies":[{"embeddable":true,"href":"https:\/\/gsc.capital\/it\/wp-json\/wp\/v2\/comments?post=28272"}],"version-history":[{"count":2,"href":"https:\/\/gsc.capital\/it\/wp-json\/wp\/v2\/pages\/28272\/revisions"}],"predecessor-version":[{"id":28274,"href":"https:\/\/gsc.capital\/it\/wp-json\/wp\/v2\/pages\/28272\/revisions\/28274"}],"up":[{"embeddable":true,"href":"https:\/\/gsc.capital\/it\/wp-json\/wp\/v2\/pages\/28261"}],"wp:attachment":[{"href":"https:\/\/gsc.capital\/it\/wp-json\/wp\/v2\/media?parent=28272"}],"curies":[{"name":"wp","href":"https:\/\/api.w.org\/{rel}","templated":true}]}}